{"id":547,"date":"2017-07-12T09:56:58","date_gmt":"2017-07-12T09:56:58","guid":{"rendered":"http:\/\/conditorei-museum.de\/?page_id=547"},"modified":"2020-11-27T08:00:43","modified_gmt":"2020-11-27T08:00:43","slug":"lage","status":"publish","type":"page","link":"https:\/\/conditorei-museum.de\/index.php\/lage\/","title":{"rendered":"Lage"},"content":{"rendered":"<div id=\"pl-547\"  class=\"panel-layout\" ><div id=\"pg-547-0\"  class=\"panel-grid panel-no-style\" ><div id=\"pgc-547-0-0\"  class=\"panel-grid-cell\" ><div id=\"panel-547-0-0-0\" class=\"so-panel widget widget_sow-editor panel-first-child panel-last-child\" data-index=\"0\" ><div class=\"panel-widget-style panel-widget-style-for-547-0-0-0\" ><div class=\"so-widget-sow-editor so-widget-sow-editor-base\"><h3 class=\"widget-title\">Lage<\/h3>\n<div class=\"siteorigin-widget-tinymce textwidget\">\n\t<p>Mitten im fr\u00e4nkischen Weingarten liegt die alte Weinhandelsstadt Kitzingen am Main. Der malerische historische Marktplatz mit seinen stattlichen B\u00fcrgerh\u00e4usern, dem Renaissance Rathaus und dem Kiliansbrunnen, ist die \u201eGute Stube\u201c und die Flaniermeile der Stadt. Dort f\u00e4llt ein dreist\u00f6ckiges Fachwerkhaus aus dem Jahre\u00a01556\u00a0ins Auge. Es ist das \u201ePoganietz \u2013 Haus\u201c, in dessen Obergeschossen sich das\u00a0<i>Conditorei \u2013 Museum<\/i>\u00a0befindet. Im Erdgeschoss des Baudenkmals findet der Besucher eine B\u00e4ckerei- und Konditorei \u2013 Verkaufsstelle der\u00a0<a href=\"http:\/\/www.roesner-backstube.de\/\" target=\"_blank\" rel=\"noopener noreferrer\">R\u00f6sner Backstube GmbH W\u00fcrzburg<\/a>. Vor dem Haus kann man im Stra\u00dfencaf\u00e9 das einzigartige Flair dieses Platzes genie\u00dfen. \u00dcber bequeme Treppen gelangt man zu dem klimatisierten Caf\u00e9 im Wiener Stil im 1. OG und zum <i>Conditorei-Museum<\/i>.<\/p>\n<\/div>\n<\/div><\/div><\/div><\/div><div id=\"pgc-547-0-1\"  class=\"panel-grid-cell\" ><div id=\"panel-547-0-1-0\" class=\"so-panel widget widget_sow-google-map panel-first-child panel-last-child\" data-index=\"1\" ><div class=\"so-widget-sow-google-map so-widget-sow-google-map-default-6b23895f316e\">\n<div class=\"sow-google-map-canvas\"\n\tstyle=\"\"\n\tid=\"map-canvas-3ee04630b31233331b62c73f7953045a\"\n\tdata-options=\"{&quot;address&quot;:&quot;49.7392, 10.16205&quot;,&quot;zoom&quot;:16,&quot;mobileZoom&quot;:16,&quot;gestureHandling&quot;:&quot;greedy&quot;,&quot;disableUi&quot;:false,&quot;keepCentered&quot;:false,&quot;markerIcon&quot;:&quot;&quot;,&quot;markersDraggable&quot;:false,&quot;markerAtCenter&quot;:true,&quot;markerInfoDisplay&quot;:&quot;click&quot;,&quot;markerInfoMultiple&quot;:true,&quot;markerPositions&quot;:&quot;&quot;,&quot;mapName&quot;:&quot;&quot;,&quot;mapStyles&quot;:&quot;&quot;,&quot;directions&quot;:&quot;&quot;,&quot;apiKey&quot;:&quot;AIzaSyAlAOLBtSh3QoXrYlLpCasMBxaf1nDFq00&quot;,&quot;breakpoint&quot;:780}\"\n\tdata-fallback-image=\"{&quot;img&quot;:&quot;&quot;}\"><\/div>\n<\/div><\/div><\/div><\/div><\/div>","protected":false},"excerpt":{"rendered":"<p>Mitten im fr\u00e4nkischen Weingarten liegt die alte Weinhandelsstadt Kitzingen am Main. Der malerische historische Marktplatz mit seinen stattlichen B\u00fcrgerh\u00e4usern, dem Renaissance Rathaus und dem Kiliansbrunnen, ist die \u201eGute Stube\u201c und die Flaniermeile der Stadt. Dort f\u00e4llt ein dreist\u00f6ckiges Fachwerkhaus aus dem Jahre\u00a01556\u00a0ins Auge. Es ist das \u201ePoganietz \u2013 Haus\u201c, in dessen Obergeschossen sich das\u00a0Conditorei \u2013 Museum\u00a0befindet. Im Erdgeschoss des Baudenkmals findet der Besucher eine B\u00e4ckerei- und Konditorei \u2013 Verkaufsstelle der\u00a0R\u00f6sner Backstube GmbH W\u00fcrzburg. Vor dem Haus kann man im Stra\u00dfencaf\u00e9 das einzigartige Flair dieses Platzes genie\u00dfen. \u00dcber bequeme Treppen gelangt man zu dem klimatisierten Caf\u00e9 im Wiener Stil im 1.<\/p>\n","protected":false},"author":3,"featured_media":0,"parent":0,"menu_order":0,"comment_status":"closed","ping_status":"closed","template":"page-templates\/template-full-width.php","meta":[],"_links":{"self":[{"href":"https:\/\/conditorei-museum.de\/index.php\/wp-json\/wp\/v2\/pages\/547"}],"collection":[{"href":"https:\/\/conditorei-museum.de\/index.php\/wp-json\/wp\/v2\/pages"}],"about":[{"href":"https:\/\/conditorei-museum.de\/index.php\/wp-json\/wp\/v2\/types\/page"}],"author":[{"embeddable":true,"href":"https:\/\/conditorei-museum.de\/index.php\/wp-json\/wp\/v2\/users\/3"}],"replies":[{"embeddable":true,"href":"https:\/\/conditorei-museum.de\/index.php\/wp-json\/wp\/v2\/comments?post=547"}],"version-history":[{"count":16,"href":"https:\/\/conditorei-museum.de\/index.php\/wp-json\/wp\/v2\/pages\/547\/revisions"}],"predecessor-version":[{"id":969,"href":"https:\/\/conditorei-museum.de\/index.php\/wp-json\/wp\/v2\/pages\/547\/revisions\/969"}],"wp:attachment":[{"href":"https:\/\/conditorei-museum.de\/index.php\/wp-json\/wp\/v2\/media?parent=547"}],"curies":[{"name":"wp","href":"https:\/\/api.w.org\/{rel}","templated":true}]}}