{"id":7,"date":"2017-03-12T17:32:23","date_gmt":"2017-03-12T17:32:23","guid":{"rendered":"http:\/\/conditorei-museum.de\/?page_id=7"},"modified":"2021-06-07T09:13:08","modified_gmt":"2021-06-07T09:13:08","slug":"startseite","status":"publish","type":"page","link":"https:\/\/conditorei-museum.de\/","title":{"rendered":"Startseite"},"content":{"rendered":"<div id=\"pl-7\"  class=\"panel-layout\" ><div id=\"pg-7-0\"  class=\"panel-grid panel-no-style\" ><div id=\"pgc-7-0-0\"  class=\"panel-grid-cell\" ><div id=\"panel-7-0-0-0\" class=\"so-panel widget widget_sow-editor panel-first-child panel-last-child\" data-index=\"0\" ><div class=\"panel-widget-style panel-widget-style-for-7-0-0-0\" ><div class=\"so-widget-sow-editor so-widget-sow-editor-base\">\n<div class=\"siteorigin-widget-tinymce textwidget\">\n\t<p style=\"text-align: center;\">Herzlich Willkommen im Haus der S\u00fc\u00dfen Kunst!<\/p>\n<\/div>\n<\/div><\/div><\/div><\/div><\/div><div id=\"pg-7-1\"  class=\"panel-grid panel-no-style\" ><div id=\"pgc-7-1-0\"  class=\"panel-grid-cell\" ><div id=\"panel-7-1-0-0\" class=\"so-panel widget widget_sow-editor panel-first-child panel-last-child\" data-index=\"1\" ><div class=\"so-widget-sow-editor so-widget-sow-editor-base\">\n<div class=\"siteorigin-widget-tinymce textwidget\">\n\t<p><img loading=\"lazy\" class=\"alignnone size-large wp-image-945\" src=\"http:\/\/conditorei-museum.de\/wp-content\/uploads\/2020\/11\/Conditoreimuseum-front-1024x682.jpg\" alt=\"\" width=\"1024\" height=\"682\" srcset=\"https:\/\/conditorei-museum.de\/wp-content\/uploads\/2020\/11\/Conditoreimuseum-front-1024x682.jpg 1024w, https:\/\/conditorei-museum.de\/wp-content\/uploads\/2020\/11\/Conditoreimuseum-front-300x200.jpg 300w, https:\/\/conditorei-museum.de\/wp-content\/uploads\/2020\/11\/Conditoreimuseum-front-768x512.jpg 768w, https:\/\/conditorei-museum.de\/wp-content\/uploads\/2020\/11\/Conditoreimuseum-front-272x182.jpg 272w, https:\/\/conditorei-museum.de\/wp-content\/uploads\/2020\/11\/Conditoreimuseum-front.jpg 1280w\" sizes=\"(max-width: 1024px) 100vw, 1024px\" \/><\/p>\n<\/div>\n<\/div><\/div><\/div><div id=\"pgc-7-1-1\"  class=\"panel-grid-cell\" ><div id=\"panel-7-1-1-0\" class=\"so-panel widget widget_sow-editor panel-first-child\" data-index=\"2\" ><div class=\"panel-widget-style panel-widget-style-for-7-1-1-0\" ><div class=\"so-widget-sow-editor so-widget-sow-editor-base\">\n<div class=\"siteorigin-widget-tinymce textwidget\">\n\t<h3>\u00d6ffnungszeiten<\/h3>\nMontag \u2013 Freitag 8 \u2013 18 Uhr<br \/>\nSamstag und Sonntag 8.00 \u2013 17 Uhr<br \/>\n<!--<span style=\"color:red;\">Wegen CORONA AUFLAGEN zur Kontaktbeschr\u00e4nkung ist das Conditorei-Museum vor\u00fcbergehend geschlossen.<\/span>--><\/div>\n<\/div><\/div><\/div><div id=\"panel-7-1-1-1\" class=\"so-panel widget widget_sow-editor panel-last-child\" data-index=\"3\" ><div class=\"panel-widget-style panel-widget-style-for-7-1-1-1\" ><div class=\"so-widget-sow-editor so-widget-sow-editor-base\">\n<div class=\"siteorigin-widget-tinymce textwidget\">\n\t<p>Conditorei \u2013 Museum Kitzingen<br \/>\nMarktstrasse 26 \/ Kaiserstrasse 11<br \/>\n97318 Kitzingen<br \/>\nTelefon 09321 - 92 94 35<br \/>\n(R\u00f6sner Backstube GmbH, Filiale Kitzingen, www.roesner-backstube.de)<\/p>\n<\/div>\n<\/div><\/div><\/div><\/div><\/div><div id=\"pg-7-2\"  class=\"panel-grid panel-no-style\" ><div id=\"pgc-7-2-0\"  class=\"panel-grid-cell\" ><div id=\"panel-7-2-0-0\" class=\"so-panel widget widget_sow-editor panel-first-child\" data-index=\"4\" ><div class=\"panel-widget-style panel-widget-style-for-7-2-0-0\" ><div class=\"so-widget-sow-editor so-widget-sow-editor-base\">\n<div class=\"siteorigin-widget-tinymce textwidget\">\n\tDas Conditorei-Museum bietet Ihnen nach Besuch der Ausstellungsr\u00e4ume die M\u00f6glichkeit einer kleinen St\u00e4rkung: Das\u00a0<a href=\"http:\/\/conditorei-museum.de\/?page_id=355\">Caf\u00e9 im Haus<\/a>\u00a0bietet f\u00fcr Reise- und Busgesellschaften bis zu 60 Sitzpl\u00e4tze.<br \/>\n<!--<span style=\"color:red;\">Wegen CORONA AUFLAGEN derzeit nicht m\u00f6glich.<\/span>--><\/div>\n<\/div><\/div><\/div><div id=\"panel-7-2-0-1\" class=\"so-panel widget widget_sow-editor panel-last-child\" data-index=\"5\" ><div class=\"panel-widget-style panel-widget-style-for-7-2-0-1\" ><div class=\"so-widget-sow-editor so-widget-sow-editor-base\">\n<div class=\"siteorigin-widget-tinymce textwidget\">\n\t<p style=\"text-align: center;\">\"Das Bewahren des Erhaltenswerten und die Archivierung schriftlicher Zeugnisse der Vergangenheit f\u00fcr k\u00fcnftige Konditor \u2013 Generationen ist die vornehmste Aufgabe des Conditorei - Museums.\"<\/p><\/div>\n<\/div><\/div><\/div><\/div><\/div><\/div>","protected":false},"excerpt":{"rendered":"<p>Herzlich Willkommen im Haus der S\u00fc\u00dfen Kunst! \u00d6ffnungszeiten Montag \u2013 Freitag 8 \u2013 18 Uhr Samstag und Sonntag 8.00 \u2013 17 Uhr Conditorei \u2013 Museum Kitzingen Marktstrasse 26 \/ Kaiserstrasse 11 97318 Kitzingen Telefon 09321 &#8211; 92 94 35 (R\u00f6sner Backstube GmbH, Filiale Kitzingen, www.roesner-backstube.de)<\/p>\n","protected":false},"author":3,"featured_media":0,"parent":0,"menu_order":0,"comment_status":"closed","ping_status":"closed","template":"page-templates\/template-full-width.php","meta":[],"_links":{"self":[{"href":"https:\/\/conditorei-museum.de\/index.php\/wp-json\/wp\/v2\/pages\/7"}],"collection":[{"href":"https:\/\/conditorei-museum.de\/index.php\/wp-json\/wp\/v2\/pages"}],"about":[{"href":"https:\/\/conditorei-museum.de\/index.php\/wp-json\/wp\/v2\/types\/page"}],"author":[{"embeddable":true,"href":"https:\/\/conditorei-museum.de\/index.php\/wp-json\/wp\/v2\/users\/3"}],"replies":[{"embeddable":true,"href":"https:\/\/conditorei-museum.de\/index.php\/wp-json\/wp\/v2\/comments?post=7"}],"version-history":[{"count":85,"href":"https:\/\/conditorei-museum.de\/index.php\/wp-json\/wp\/v2\/pages\/7\/revisions"}],"predecessor-version":[{"id":990,"href":"https:\/\/conditorei-museum.de\/index.php\/wp-json\/wp\/v2\/pages\/7\/revisions\/990"}],"wp:attachment":[{"href":"https:\/\/conditorei-museum.de\/index.php\/wp-json\/wp\/v2\/media?parent=7"}],"curies":[{"name":"wp","href":"https:\/\/api.w.org\/{rel}","templated":true}]}}